{"id":29,"date":"2020-08-12T09:17:56","date_gmt":"2020-08-12T07:17:56","guid":{"rendered":"https:\/\/dev.buschfilm.de\/?page_id=29"},"modified":"2020-08-12T09:17:56","modified_gmt":"2020-08-12T07:17:56","slug":"impressum","status":"publish","type":"page","link":"https:\/\/buschfilm.de\/en\/impressum\/","title":{"rendered":"Impressum"},"content":{"rendered":"<p>Dies ist ein privater Blog von Michael Busch. Alle Inhalte, Fotos, Filme dieser Seite sind urheberrechtlich gesch\u00fctzt. Es ist nicht gestattet, ohne schriftliche Einwilligung Fotos oder Texte zu vervielf\u00e4ltigen, zu bearbeiten, zu ver\u00e4ndern oder au\u00dferhalb dieses Weblogs in irgendeiner anderen Form zu verwenden. Dies gilt uneingeschr\u00e4nkt f\u00fcr kommerzielle und nicht-kommerzielle Arten der Nutzung.<\/p>\n<p>&nbsp;<\/p>\n<h2>\u00a9 Michael Busch 2011-2020<\/h2>\n<p>Herausgeber, Inhaber und inhaltlich verantwortlich gem\u00e4ss \u00a7 6 MDStV:<\/p>\n<p>Michael Busch<br \/>\nAm Friedrichshain 14, 10407 Berlin<\/p>\n<p>Post an:<br \/>\n<a href=\"mailto:info@luxusberlin.de\">info@luxusberlin.de<\/a><\/p>\n<p>Haftungshinweis:<br \/>\nTrotz sorgf\u00e4ltiger inhaltlicher Kontrolle \u00fcbernehme ich keine Haftung f\u00fcr die Inhalte externer Links. F\u00fcr den Inhalt der verlinkten Seiten sind ausschlie\u00dflich deren Betreiber verantwortlich.<\/p>\n","protected":false},"excerpt":{"rendered":"<p>Dies ist ein privater Blog von Michael Busch. Alle Inhalte, Fotos, Filme dieser Seite sind urheberrechtlich gesch\u00fctzt. Es ist nicht gestattet, ohne schriftliche Einwilligung Fotos oder Texte zu vervielf\u00e4ltigen, zu bearbeiten, zu ver\u00e4ndern oder au\u00dferhalb dieses Weblogs in irgendeiner anderen Form zu verwenden. Dies gilt uneingeschr\u00e4nkt f\u00fcr kommerzielle und nicht-kommerzielle Arten der Nutzung. &nbsp; \u00a9 [&hellip;]<\/p>\n","protected":false},"author":2,"featured_media":0,"parent":0,"menu_order":0,"comment_status":"closed","ping_status":"closed","template":"","meta":{"footnotes":""},"class_list":["post-29","page","type-page","status-publish","hentry"],"yoast_head":"<!-- This site is optimized with the Yoast SEO plugin v14.9 - https:\/\/yoast.com\/wordpress\/plugins\/seo\/ -->\n<title>Impressum - MICHAEL BUSCH \/ BUSCHFILM \/ ENG<\/title>\n<meta name=\"robots\" content=\"index, follow, max-snippet:-1, max-image-preview:large, max-video-preview:-1\" \/>\n<link rel=\"canonical\" href=\"https:\/\/buschfilm.de\/en\/impressum\/\" \/>\n<meta property=\"og:locale\" content=\"en_US\" \/>\n<meta property=\"og:type\" content=\"article\" \/>\n<meta property=\"og:title\" content=\"Impressum - MICHAEL BUSCH \/ BUSCHFILM \/ ENG\" \/>\n<meta property=\"og:description\" content=\"Dies ist ein privater Blog von Michael Busch. Alle Inhalte, Fotos, Filme dieser Seite sind urheberrechtlich gesch\u00fctzt. Es ist nicht gestattet, ohne schriftliche Einwilligung Fotos oder Texte zu vervielf\u00e4ltigen, zu bearbeiten, zu ver\u00e4ndern oder au\u00dferhalb dieses Weblogs in irgendeiner anderen Form zu verwenden. Dies gilt uneingeschr\u00e4nkt f\u00fcr kommerzielle und nicht-kommerzielle Arten der Nutzung. &nbsp; \u00a9 [&hellip;]\" \/>\n<meta property=\"og:url\" content=\"https:\/\/buschfilm.de\/en\/impressum\/\" \/>\n<meta property=\"og:site_name\" content=\"MICHAEL BUSCH \/ BUSCHFILM \/ ENG\" \/>\n<meta name=\"twitter:card\" content=\"summary_large_image\" \/>\n<script type=\"application\/ld+json\" class=\"yoast-schema-graph\">{\"@context\":\"https:\/\/schema.org\",\"@graph\":[{\"@type\":\"WebSite\",\"@id\":\"https:\/\/buschfilm.de\/en\/#website\",\"url\":\"https:\/\/buschfilm.de\/en\/\",\"name\":\"MICHAEL BUSCH \/ BUSCHFILM \/ ENG\",\"description\":\"\",\"potentialAction\":[{\"@type\":\"SearchAction\",\"target\":\"https:\/\/buschfilm.de\/en\/?s={search_term_string}\",\"query-input\":\"required name=search_term_string\"}],\"inLanguage\":\"en-US\"},{\"@type\":\"WebPage\",\"@id\":\"https:\/\/buschfilm.de\/en\/impressum\/#webpage\",\"url\":\"https:\/\/buschfilm.de\/en\/impressum\/\",\"name\":\"Impressum - MICHAEL BUSCH \/ BUSCHFILM \/ ENG\",\"isPartOf\":{\"@id\":\"https:\/\/buschfilm.de\/en\/#website\"},\"datePublished\":\"2020-08-12T07:17:56+00:00\",\"dateModified\":\"2020-08-12T07:17:56+00:00\",\"inLanguage\":\"en-US\",\"potentialAction\":[{\"@type\":\"ReadAction\",\"target\":[\"https:\/\/buschfilm.de\/en\/impressum\/\"]}]}]}<\/script>\n<!-- \/ Yoast SEO plugin. -->","_links":{"self":[{"href":"https:\/\/buschfilm.de\/en\/wp-json\/wp\/v2\/pages\/29"}],"collection":[{"href":"https:\/\/buschfilm.de\/en\/wp-json\/wp\/v2\/pages"}],"about":[{"href":"https:\/\/buschfilm.de\/en\/wp-json\/wp\/v2\/types\/page"}],"author":[{"embeddable":true,"href":"https:\/\/buschfilm.de\/en\/wp-json\/wp\/v2\/users\/2"}],"replies":[{"embeddable":true,"href":"https:\/\/buschfilm.de\/en\/wp-json\/wp\/v2\/comments?post=29"}],"version-history":[{"count":0,"href":"https:\/\/buschfilm.de\/en\/wp-json\/wp\/v2\/pages\/29\/revisions"}],"wp:attachment":[{"href":"https:\/\/buschfilm.de\/en\/wp-json\/wp\/v2\/media?parent=29"}],"curies":[{"name":"wp","href":"https:\/\/api.w.org\/{rel}","templated":true}]}}